{"id":3,"date":"2025-01-01T22:03:21","date_gmt":"2025-01-01T21:03:21","guid":{"rendered":"https:\/\/thebartists.de\/?page_id=3"},"modified":"2026-03-16T21:13:56","modified_gmt":"2026-03-16T20:13:56","slug":"datenschutzerklaerung","status":"publish","type":"page","link":"https:\/\/www.thebartists.de\/index.php\/datenschutzerklaerung\/","title":{"rendered":"Datenschutzhinweise"},"content":{"rendered":"\n<div class=\"wp-block-cover\" style=\"min-height:89px;aspect-ratio:unset;\"><img loading=\"lazy\" decoding=\"async\" width=\"1024\" height=\"724\" class=\"wp-block-cover__image-background wp-image-441 size-large\" alt=\"\" src=\"https:\/\/www.thebartists.de\/wp-content\/uploads\/2026\/03\/1-1-1024x724.png\" data-object-fit=\"cover\" srcset=\"https:\/\/www.thebartists.de\/wp-content\/uploads\/2026\/03\/1-1-1024x724.png 1024w, https:\/\/www.thebartists.de\/wp-content\/uploads\/2026\/03\/1-1-300x212.png 300w, https:\/\/www.thebartists.de\/wp-content\/uploads\/2026\/03\/1-1-768x543.png 768w, https:\/\/www.thebartists.de\/wp-content\/uploads\/2026\/03\/1-1-1536x1086.png 1536w, https:\/\/www.thebartists.de\/wp-content\/uploads\/2026\/03\/1-1.png 2000w\" sizes=\"auto, (max-width: 1024px) 100vw, 1024px\" \/><span aria-hidden=\"true\" class=\"wp-block-cover__background has-background-dim\" style=\"background-color:#1d1c1b\"><\/span><div class=\"wp-block-cover__inner-container is-layout-constrained wp-block-cover-is-layout-constrained\"><h1 class=\"fonts-plugin-block \" style=\"font-family: Marcellus;font-size: 63px;text-align: center;color: #ffffff\">Datenschutzhinweise<\/h1><\/div><\/div>\n\n\n\n<div style=\"height:50px\" aria-hidden=\"true\" class=\"wp-block-spacer\"><\/div>\n\n\n\n<p class=\"has-medium-font-size\" style=\"margin-top:0;margin-right:var(--wp--preset--spacing--30);margin-bottom:0;margin-left:var(--wp--preset--spacing--30)\"><strong>DATENSCHUTZHINWEISE<br>I. Informationen \u00fcber die Verarbeitung Ihrer Daten gem\u00e4\u00df Art. 13 der<br>Datenschutz-Grundverordnung (DS-GVO)<\/strong><\/p>\n\n\n\n<p><\/p>\n\n\n\n<p style=\"margin-right:var(--wp--preset--spacing--30);margin-left:var(--wp--preset--spacing--30)\"><strong>1. Verantwortlicher und Datenschutzbeauftragter<\/strong><\/p>\n\n\n\n<p style=\"margin-right:var(--wp--preset--spacing--60);margin-left:var(--wp--preset--spacing--60)\">Julian Landwehr, Hi\u00e4lweg 4, 49492 Westerkappeln, info@thebartists,de<\/p>\n\n\n\n<p style=\"margin-right:var(--wp--preset--spacing--30);margin-left:var(--wp--preset--spacing--30)\"><strong>2. Daten, die f\u00fcr die Bereitstellung der Website und die Erstellung der Protokolldateien verarbeitet werden<\/strong><br><strong>a. Welche Daten werden f\u00fcr welchen Zweck verarbeitet?<\/strong><\/p>\n\n\n\n<p style=\"margin-right:var(--wp--preset--spacing--60);margin-left:var(--wp--preset--spacing--60)\">Bei jedem Zugriff auf Inhalte der Website werden vor\u00fcbergehend Daten gespeichert, die<br>m\u00f6glicherweise eine Identifizierung zulassen. Die folgenden Daten werden hierbei<br>erhoben:<\/p>\n\n\n\n<ul class=\"wp-block-list\">\n<li style=\"margin-right:var(--wp--preset--spacing--80);margin-left:var(--wp--preset--spacing--80)\">Datum und Uhrzeit des Zugriffs<\/li>\n\n\n\n<li style=\"margin-right:var(--wp--preset--spacing--80);margin-left:var(--wp--preset--spacing--80)\">IP-Adresse<\/li>\n\n\n\n<li style=\"margin-right:var(--wp--preset--spacing--80);margin-left:var(--wp--preset--spacing--80)\">Hostname des zugreifenden Rechners<\/li>\n\n\n\n<li style=\"margin-top:0;margin-right:var(--wp--preset--spacing--80);margin-bottom:0;margin-left:var(--wp--preset--spacing--80)\">Website, von der aus die Website aufgerufen wurde<\/li>\n\n\n\n<li style=\"margin-right:var(--wp--preset--spacing--80);margin-left:var(--wp--preset--spacing--80)\">Websites, die \u00fcber die Website aufgerufen werden<\/li>\n\n\n\n<li style=\"margin-right:var(--wp--preset--spacing--80);margin-left:var(--wp--preset--spacing--80)\">Besuchte Seite auf unserer Website<\/li>\n\n\n\n<li style=\"margin-right:var(--wp--preset--spacing--80);margin-left:var(--wp--preset--spacing--80)\">Meldung, ob der Abruf erfolgreich war<\/li>\n\n\n\n<li style=\"margin-right:var(--wp--preset--spacing--80);margin-left:var(--wp--preset--spacing--80)\">\u00dcbertragene Datenmenge<\/li>\n\n\n\n<li style=\"margin-right:var(--wp--preset--spacing--80);margin-left:var(--wp--preset--spacing--80)\">Informationen \u00fcber den Browsertyp und die verwendete Version<\/li>\n\n\n\n<li style=\"margin-right:var(--wp--preset--spacing--80);margin-left:var(--wp--preset--spacing--80)\">Betriebssystem<br><\/li>\n<\/ul>\n\n\n\n<p style=\"margin-right:var(--wp--preset--spacing--60);margin-left:var(--wp--preset--spacing--60)\">Die vor\u00fcbergehende Speicherung der Daten ist f\u00fcr den Ablauf eines Websitebesuchs<br>erforderlich, um eine Auslieferung der Website zu erm\u00f6glichen. Eine weitere<br>Speicherung in Protokolldateien erfolgt, um die Funktionsf\u00e4higkeit der Website und die<br>Sicherheit der informationstechnischen Systeme sicherzustellen. In diesen Zwecken liegt<br>auch unser berechtigtes Interesse an der Datenverarbeitung.<br><\/p>\n\n\n\n<p style=\"margin-right:var(--wp--preset--spacing--40);margin-left:var(--wp--preset--spacing--40)\"><strong>b. Auf welcher Rechtsgrundlage werden diese Daten verarbeitet?<\/strong><\/p>\n\n\n\n<p style=\"margin-right:var(--wp--preset--spacing--60);margin-left:var(--wp--preset--spacing--60)\">Die Daten werden auf der Grundlage des Art. 6 Abs. 1 Buchstabe f DS-GVO verarbeitet.<\/p>\n\n\n\n<p style=\"margin-right:var(--wp--preset--spacing--40);margin-left:var(--wp--preset--spacing--40)\"><strong>c. Wie lange werden die Daten gespeichert?<\/strong><\/p>\n\n\n\n<p style=\"margin-right:var(--wp--preset--spacing--60);margin-left:var(--wp--preset--spacing--60)\">Die Daten werden gel\u00f6scht, sobald sie f\u00fcr die Erreichung des Zwecks ihrer Erhebung<br>nicht mehr erforderlich sind. Bei der Bereitstellung der Website ist dies der Fall, wenn die<br>jeweilige Sitzung beendet ist. Die Protokolldateien werden direkt und ausschlie\u00dflich f\u00fcr Administratoren zug\u00e4nglich aufbewahrt und nach 7 Tagen endg\u00fcltig gel\u00f6scht. <\/p>\n\n\n\n<p style=\"margin-right:var(--wp--preset--spacing--30);margin-left:var(--wp--preset--spacing--30)\"><strong>3. Betroffenenrechte<\/strong><\/p>\n\n\n\n<p style=\"margin-right:var(--wp--preset--spacing--40);margin-left:var(--wp--preset--spacing--40)\"><strong>a. Recht auf Auskunft<\/strong><\/p>\n\n\n\n<p style=\"margin-right:var(--wp--preset--spacing--60);margin-left:var(--wp--preset--spacing--60)\">Sie k\u00f6nnen Auskunft nach Art. 15 DS-GVO \u00fcber Ihre personenbezogenen Daten<br>verlangen, die wir verarbeiten.<\/p>\n\n\n\n<p style=\"margin-right:var(--wp--preset--spacing--40);margin-left:var(--wp--preset--spacing--40)\"><strong>b. Recht auf Widerspruch<\/strong><\/p>\n\n\n\n<p style=\"margin-right:var(--wp--preset--spacing--60);margin-left:var(--wp--preset--spacing--60)\">Sie haben ein Recht auf Widerspruch aus besonderen Gr\u00fcnden (siehe unter Punkt II).<\/p>\n\n\n\n<p style=\"margin-right:var(--wp--preset--spacing--40);margin-left:var(--wp--preset--spacing--40)\"><strong>c. Recht auf Berichtigung<\/strong><\/p>\n\n\n\n<p style=\"margin-right:var(--wp--preset--spacing--60);margin-left:var(--wp--preset--spacing--60)\">Sollten die Sie betreffenden Angaben nicht (mehr) zutreffend sein, k\u00f6nnen Sie nach Art.<br>16 DS-GVO eine Berichtigung verlangen. Sollten Ihre Daten unvollst\u00e4ndig sein, k\u00f6nnen<br>Sie eine Vervollst\u00e4ndigung verlangen.<\/p>\n\n\n\n<p style=\"margin-right:var(--wp--preset--spacing--40);margin-left:var(--wp--preset--spacing--40)\"><strong>d. Recht auf L\u00f6schung<\/strong><\/p>\n\n\n\n<p style=\"margin-right:var(--wp--preset--spacing--60);margin-left:var(--wp--preset--spacing--60);padding-right:0;padding-left:0\">Sie k\u00f6nnen nach Art. 17 DS-GVO die L\u00f6schung Ihrer personenbezogenen Daten<br>verlangen.<\/p>\n\n\n\n<p style=\"margin-right:var(--wp--preset--spacing--40);margin-left:var(--wp--preset--spacing--40)\"><strong>e. Recht auf Einschr\u00e4nkung der Verarbeitung<\/strong><\/p>\n\n\n\n<p style=\"margin-right:var(--wp--preset--spacing--60);margin-left:var(--wp--preset--spacing--60)\">Sie haben nach Art. 18 DS-GVO das Recht, eine Einschr\u00e4nkung der Verarbeitung Ihrer<br>personenbezogenen Daten zu verlangen.<\/p>\n\n\n\n<p style=\"margin-right:var(--wp--preset--spacing--30);margin-left:var(--wp--preset--spacing--30)\"><strong>f. Recht auf Beschwerde<\/strong><\/p>\n\n\n\n<p style=\"margin-right:var(--wp--preset--spacing--60);margin-left:var(--wp--preset--spacing--60)\">Wenn Sie der Ansicht sind, dass die Verarbeitung Ihrer personenbezogenen Daten<br>gegen Datenschutzrecht verst\u00f6\u00dft, haben Sie nach Ar. 77 Abs. 1 DS-GVO das Recht,<br>sich bei einer Datenschutzaufsichtsbeh\u00f6rde eigener Wahl zu beschweren. Hierzu geh\u00f6rt<br>auch die f\u00fcr den Verantwortlichen zust\u00e4ndige Datenschutzaufsichtsbeh\u00f6rde:<br>Landesbeauftragte f\u00fcr Datenschutz und Informationsfreiheit Nordrhein-Westfalen,<br>https:\/\/www.ldi.nrw.de\/kontakt\/ihre-beschwerde.<\/p>\n\n\n\n<p style=\"margin-right:var(--wp--preset--spacing--40);margin-left:var(--wp--preset--spacing--40)\"><strong>g. Recht auf Daten\u00fcbertragbarkeit<\/strong><\/p>\n\n\n\n<p style=\"margin-right:var(--wp--preset--spacing--60);margin-left:var(--wp--preset--spacing--60)\">F\u00fcr den Fall, dass die Voraussetzungen des Art. 20 Abs. 1 DS-GVO vorliegen, steht<br>Ihnen das Recht zu, sich Daten, die wir auf Grundlage Ihrer Einwilligung oder in<br>Erf\u00fcllung eines Vertrags automatisiert verarbeiten, an sich oder an Dritte aush\u00e4ndigen<br>zu lassen. Die Erfassung der Daten zur Bereitstellung der Website und die Speicherung<br>der Protokolldateien sind f\u00fcr den Betrieb der Internetseite zwingend erforderlich. Sie<br>beruhen daher nicht auf einer Einwilligung nach Art. 6 Abs. 1 Buchstabe a DS-GVO oder<br>auf einem Vertrag nach Art. 6 Abs. 1 Buchstabe b DS-GVO, sondern sind nach Art. 6<br>Abs. 1 Buchstabe f DS-GVO gerechtfertigt. Die Voraussetzungen des Art. 20 Abs. 1 DS-<br>GVO sind demnach insoweit nicht erf\u00fcllt.<br><\/p>\n\n\n\n<p class=\"has-medium-font-size\" style=\"margin-right:var(--wp--preset--spacing--30);margin-left:var(--wp--preset--spacing--30)\"><strong>II. Recht auf Widerspruch gem\u00e4\u00df Art. 21 Abs. 1 DS-GVO<\/strong><\/p>\n\n\n\n<p style=\"margin-top:0;margin-right:var(--wp--preset--spacing--60);margin-bottom:0;margin-left:var(--wp--preset--spacing--60)\">Sie haben das Recht, aus Gr\u00fcnden, die sich aus Ihrer besonderen Situation ergeben,<br>jederzeit gegen die Verarbeitung Ihrer personenbezogenen Daten, die aufgrund von<br>Artikel 6 Abs. 1 Buchstabe f DS-GVO erfolgt, Widerspruch einzulegen. Der<br>Verantwortliche verarbeitet die personenbezogenen Daten dann nicht mehr, es sei denn,<br>er kann zwingende schutzw\u00fcrdige Gr\u00fcnde f\u00fcr die Verarbeitung nachweisen, die die<br>Interessen, Rechte und Freiheiten der betroffenen Person \u00fcberwiegen, oder die<br>Verarbeitung dient der Geltendmachung, Aus\u00fcbung oder Verteidigung von<br>Rechtsanspr\u00fcchen. Die Erfassung der Daten zur Bereitstellung der Website und die<br>Speicherung der Protokolldateien sind f\u00fcr den Betrieb der Internetseite zwingend<br>erforderlich.<\/p>\n\n\n\n<div style=\"height:100px\" aria-hidden=\"true\" class=\"wp-block-spacer\"><\/div>\n","protected":false},"excerpt":{"rendered":"<p>DATENSCHUTZHINWEISEI. Informationen \u00fcber die Verarbeitung Ihrer Daten gem\u00e4\u00df Art. 13 derDatenschutz-Grundverordnung (DS-GVO) 1. Verantwortlicher und Datenschutzbeauftragter Julian Landwehr, Hi\u00e4lweg 4, [&hellip;]<\/p>\n","protected":false},"author":1,"featured_media":0,"parent":0,"menu_order":0,"comment_status":"closed","ping_status":"open","template":"","meta":{"site-sidebar-layout":"default","site-content-layout":"","ast-site-content-layout":"","site-content-style":"default","site-sidebar-style":"default","ast-global-header-display":"","ast-banner-title-visibility":"","ast-main-header-display":"","ast-hfb-above-header-display":"","ast-hfb-below-header-display":"","ast-hfb-mobile-header-display":"","site-post-title":"disabled","ast-breadcrumbs-content":"","ast-featured-img":"","footer-sml-layout":"","theme-transparent-header-meta":"","adv-header-id-meta":"","stick-header-meta":"","header-above-stick-meta":"","header-main-stick-meta":"","header-below-stick-meta":"","astra-migrate-meta-layouts":"default","ast-page-background-enabled":"default","ast-page-background-meta":{"desktop":{"background-color":"var(--ast-global-color-5)","background-image":"","background-repeat":"repeat","background-position":"center center","background-size":"auto","background-attachment":"scroll","background-type":"","background-media":"","overlay-type":"","overlay-color":"","overlay-opacity":"","overlay-gradient":""},"tablet":{"background-color":"","background-image":"","background-repeat":"repeat","background-position":"center center","background-size":"auto","background-attachment":"scroll","background-type":"","background-media":"","overlay-type":"","overlay-color":"","overlay-opacity":"","overlay-gradient":""},"mobile":{"background-color":"","background-image":"","background-repeat":"repeat","background-position":"center center","background-size":"auto","background-attachment":"scroll","background-type":"","background-media":"","overlay-type":"","overlay-color":"","overlay-opacity":"","overlay-gradient":""}},"ast-content-background-meta":{"desktop":{"background-color":"var(--ast-global-color-4)","background-image":"","background-repeat":"repeat","background-position":"center center","background-size":"auto","background-attachment":"scroll","background-type":"","background-media":"","overlay-type":"","overlay-color":"","overlay-opacity":"","overlay-gradient":""},"tablet":{"background-color":"var(--ast-global-color-4)","background-image":"","background-repeat":"repeat","background-position":"center center","background-size":"auto","background-attachment":"scroll","background-type":"","background-media":"","overlay-type":"","overlay-color":"","overlay-opacity":"","overlay-gradient":""},"mobile":{"background-color":"var(--ast-global-color-4)","background-image":"","background-repeat":"repeat","background-position":"center center","background-size":"auto","background-attachment":"scroll","background-type":"","background-media":"","overlay-type":"","overlay-color":"","overlay-opacity":"","overlay-gradient":""}},"footnotes":""},"class_list":["post-3","page","type-page","status-publish","hentry"],"_links":{"self":[{"href":"https:\/\/www.thebartists.de\/index.php\/wp-json\/wp\/v2\/pages\/3","targetHints":{"allow":["GET"]}}],"collection":[{"href":"https:\/\/www.thebartists.de\/index.php\/wp-json\/wp\/v2\/pages"}],"about":[{"href":"https:\/\/www.thebartists.de\/index.php\/wp-json\/wp\/v2\/types\/page"}],"author":[{"embeddable":true,"href":"https:\/\/www.thebartists.de\/index.php\/wp-json\/wp\/v2\/users\/1"}],"replies":[{"embeddable":true,"href":"https:\/\/www.thebartists.de\/index.php\/wp-json\/wp\/v2\/comments?post=3"}],"version-history":[{"count":35,"href":"https:\/\/www.thebartists.de\/index.php\/wp-json\/wp\/v2\/pages\/3\/revisions"}],"predecessor-version":[{"id":444,"href":"https:\/\/www.thebartists.de\/index.php\/wp-json\/wp\/v2\/pages\/3\/revisions\/444"}],"wp:attachment":[{"href":"https:\/\/www.thebartists.de\/index.php\/wp-json\/wp\/v2\/media?parent=3"}],"curies":[{"name":"wp","href":"https:\/\/api.w.org\/{rel}","templated":true}]}}