{"id":20,"date":"2025-01-02T21:15:25","date_gmt":"2025-01-02T20:15:25","guid":{"rendered":"https:\/\/www.thebartists.de\/?page_id=20"},"modified":"2026-03-16T21:13:46","modified_gmt":"2026-03-16T20:13:46","slug":"alleslive","status":"publish","type":"page","link":"https:\/\/www.thebartists.de\/index.php\/alleslive\/","title":{"rendered":"#alleslive"},"content":{"rendered":"\n<div class=\"wp-block-cover\" style=\"min-height:89px;aspect-ratio:unset;\"><img loading=\"lazy\" decoding=\"async\" width=\"1024\" height=\"724\" class=\"wp-block-cover__image-background wp-image-441 size-large\" alt=\"\" src=\"https:\/\/www.thebartists.de\/wp-content\/uploads\/2026\/03\/1-1-1024x724.png\" data-object-fit=\"cover\" srcset=\"https:\/\/www.thebartists.de\/wp-content\/uploads\/2026\/03\/1-1-1024x724.png 1024w, https:\/\/www.thebartists.de\/wp-content\/uploads\/2026\/03\/1-1-300x212.png 300w, https:\/\/www.thebartists.de\/wp-content\/uploads\/2026\/03\/1-1-768x543.png 768w, https:\/\/www.thebartists.de\/wp-content\/uploads\/2026\/03\/1-1-1536x1086.png 1536w, https:\/\/www.thebartists.de\/wp-content\/uploads\/2026\/03\/1-1.png 2000w\" sizes=\"auto, (max-width: 1024px) 100vw, 1024px\" \/><span aria-hidden=\"true\" class=\"wp-block-cover__background has-background-dim\" style=\"background-color:#1d1c1b\"><\/span><div class=\"wp-block-cover__inner-container is-layout-constrained wp-block-cover-is-layout-constrained\"><h1 class=\"fonts-plugin-block \" style=\"font-family: Marcellus;font-size: 63px;text-align: center;color: #ffffff\">#alleslive<\/h1><\/div><\/div>\n\n\n\n<div style=\"height:50px\" aria-hidden=\"true\" class=\"wp-block-spacer\"><\/div>\n\n\n\n<div class=\"wp-block-columns is-layout-flex wp-container-core-columns-is-layout-28f84493 wp-block-columns-is-layout-flex\">\n<div class=\"wp-block-column is-layout-flow wp-block-column-is-layout-flow\" style=\"flex-basis:25%\">\n<figure class=\"wp-block-image aligncenter size-large is-resized\"><img loading=\"lazy\" decoding=\"async\" width=\"1080\" height=\"1080\" src=\"https:\/\/www.thebartists.de\/wp-content\/uploads\/2025\/01\/4-1024x1024.png\" alt=\"\" class=\"wp-image-253\" style=\"width:250px\" srcset=\"https:\/\/www.thebartists.de\/wp-content\/uploads\/2025\/01\/4-1024x1024.png 1024w, https:\/\/www.thebartists.de\/wp-content\/uploads\/2025\/01\/4-300x300.png 300w, https:\/\/www.thebartists.de\/wp-content\/uploads\/2025\/01\/4-150x150.png 150w, https:\/\/www.thebartists.de\/wp-content\/uploads\/2025\/01\/4-768x768.png 768w, https:\/\/www.thebartists.de\/wp-content\/uploads\/2025\/01\/4.png 1080w\" sizes=\"auto, (max-width: 1080px) 100vw, 1080px\" \/><\/figure>\n\n\n\n<figure class=\"wp-block-image aligncenter size-large is-resized\"><img loading=\"lazy\" decoding=\"async\" width=\"1024\" height=\"1024\" src=\"https:\/\/www.thebartists.de\/wp-content\/uploads\/2025\/01\/1-1-1024x1024.png\" alt=\"\" class=\"wp-image-249\" style=\"width:250px\" srcset=\"https:\/\/www.thebartists.de\/wp-content\/uploads\/2025\/01\/1-1-1024x1024.png 1024w, https:\/\/www.thebartists.de\/wp-content\/uploads\/2025\/01\/1-1-300x300.png 300w, https:\/\/www.thebartists.de\/wp-content\/uploads\/2025\/01\/1-1-150x150.png 150w, https:\/\/www.thebartists.de\/wp-content\/uploads\/2025\/01\/1-1-768x768.png 768w, https:\/\/www.thebartists.de\/wp-content\/uploads\/2025\/01\/1-1.png 1080w\" sizes=\"auto, (max-width: 1024px) 100vw, 1024px\" \/><\/figure>\n<\/div>\n\n\n\n<div class=\"wp-block-column is-layout-flow wp-block-column-is-layout-flow\" style=\"flex-basis:50%\">\n<h2 class=\"wp-block-heading has-text-align-center\">Musikalische Vielfalt &#8211; <br>f\u00fcr jedes Event das passende Set<\/h2>\n\n\n\n<p class=\"has-text-align-center\" style=\"font-size:17px\">Rock, Pop, Schlager oder aktuelle Chart-Hits: <br>Unser Repertoire umfasst Musik aus allen Jahrzehnten und Genres \u2013 von den 60er Jahren \u00fcber die 80er bis zu den Hits von heute. Wir haben die perfekte Mischung f\u00fcr euer Event.<\/p>\n\n\n\n<div style=\"height:50px\" aria-hidden=\"true\" class=\"wp-block-spacer\"><\/div>\n\n\n\n<h2 class=\"wp-block-heading has-text-align-center\">Vielseitige Besetzung<\/h2>\n\n\n\n<p class=\"has-text-align-center\" style=\"margin-right:var(--wp--preset--spacing--60);margin-left:var(--wp--preset--spacing--60);font-size:17px\">B A N D<br>Wenn ihr den Raum mit voller Energie f\u00fcllen und eine echte Partyatmosph\u00e4re schaffen wollt, ist unsere komplette Band die perfekte Wahl. Mit Gesang, Drums, Gitarre, Keys und Bass sorgen wir f\u00fcr ein unvergessliches Event.<\/p>\n\n\n\n<div style=\"height:20px\" aria-hidden=\"true\" class=\"wp-block-spacer\"><\/div>\n\n\n\n<p class=\"has-text-align-center\" style=\"margin-right:var(--wp--preset--spacing--60);margin-left:var(--wp--preset--spacing--60);font-size:17px\">A K U S T I K<br>Ihr bevorzugt eine etwas ruhigere Atmosph\u00e4re, zum Beispiel f\u00fcr einen Sektempfang oder w\u00e4hrend des Dinners? <br>Dann passen unsere Akustik-Sets perfekt zu euch!<\/p>\n\n\n\n<div style=\"height:20px\" aria-hidden=\"true\" class=\"wp-block-spacer\"><\/div>\n\n\n\n<p class=\"has-text-align-center\" style=\"margin-right:var(--wp--preset--spacing--60);margin-left:var(--wp--preset--spacing--60);font-size:17px\">H O C H Z E I T S S \u00c4 N G E R I N<br>Der sch\u00f6nste Tag im Leben soll nicht zuletzt emotional werden \u2013 und das geht besonders gut mit Musik. <a href=\"https:\/\/www.instagram.com\/hochzeitssaengerin_malena\/\" data-type=\"link\" data-id=\"https:\/\/www.instagram.com\/hochzeitssaengerin_malena\/\" target=\"_blank\" rel=\"noreferrer noopener\">Malena<\/a> begleitet eure Trauung als S\u00e4ngerin und sorgt f\u00fcr unvergesslich Emotionen. Unterst\u00fctzt wird sie dabei entweder von Julian an der Gitarre und\/oder von Ren\u00e9 am Piano.<\/p>\n\n\n\n<div style=\"height:20px\" aria-hidden=\"true\" class=\"wp-block-spacer\"><\/div>\n\n\n\n<p class=\"has-text-align-center\" style=\"margin-right:var(--wp--preset--spacing--60);margin-left:var(--wp--preset--spacing--60);font-size:17px\">D J<br>Ihr wollt eine Party, die nicht endet? <a href=\"https:\/\/www.instagram.com\/tanzen_mit_jansen\/?locale=de&amp;hl=am-et\" data-type=\"link\" data-id=\"https:\/\/www.instagram.com\/tanzen_mit_jansen\/?locale=de&amp;hl=am-et\" target=\"_blank\" rel=\"noreferrer noopener\">Jan<\/a> sorgt als DJ f\u00fcr die perfekte Musikauswahl. Wir kombinieren die Live-Musik der Band mit einem DJ-Set und garantieren so einen nahtlosen \u00dcbergang und durchgehend gute Stimmung!<\/p>\n<\/div>\n\n\n\n<div class=\"wp-block-column is-layout-flow wp-block-column-is-layout-flow\" style=\"flex-basis:25%\">\n<figure class=\"wp-block-image aligncenter size-large is-resized\"><img loading=\"lazy\" decoding=\"async\" width=\"1024\" height=\"1024\" src=\"https:\/\/www.thebartists.de\/wp-content\/uploads\/2025\/01\/2-1-1024x1024.png\" alt=\"\" class=\"wp-image-250\" style=\"width:250px\" srcset=\"https:\/\/www.thebartists.de\/wp-content\/uploads\/2025\/01\/2-1-1024x1024.png 1024w, https:\/\/www.thebartists.de\/wp-content\/uploads\/2025\/01\/2-1-300x300.png 300w, https:\/\/www.thebartists.de\/wp-content\/uploads\/2025\/01\/2-1-150x150.png 150w, https:\/\/www.thebartists.de\/wp-content\/uploads\/2025\/01\/2-1-768x768.png 768w, https:\/\/www.thebartists.de\/wp-content\/uploads\/2025\/01\/2-1.png 1080w\" sizes=\"auto, (max-width: 1024px) 100vw, 1024px\" \/><\/figure>\n\n\n\n<figure class=\"wp-block-image aligncenter size-large is-resized\"><img loading=\"lazy\" decoding=\"async\" width=\"1024\" height=\"1024\" src=\"https:\/\/www.thebartists.de\/wp-content\/uploads\/2025\/01\/3-1024x1024.png\" alt=\"\" class=\"wp-image-251\" style=\"width:250px\" srcset=\"https:\/\/www.thebartists.de\/wp-content\/uploads\/2025\/01\/3-1024x1024.png 1024w, https:\/\/www.thebartists.de\/wp-content\/uploads\/2025\/01\/3-300x300.png 300w, https:\/\/www.thebartists.de\/wp-content\/uploads\/2025\/01\/3-150x150.png 150w, https:\/\/www.thebartists.de\/wp-content\/uploads\/2025\/01\/3-768x768.png 768w, https:\/\/www.thebartists.de\/wp-content\/uploads\/2025\/01\/3.png 1080w\" sizes=\"auto, (max-width: 1024px) 100vw, 1024px\" \/><\/figure>\n<\/div>\n<\/div>\n\n\n\n<p class=\"has-text-align-center\"><\/p>\n\n\n\n<div style=\"height:50px\" aria-hidden=\"true\" class=\"wp-block-spacer\"><\/div>\n\n\n\n<figure class=\"wp-block-embed is-type-video is-provider-youtube wp-block-embed-youtube wp-embed-aspect-16-9 wp-has-aspect-ratio\" style=\"margin-top:0;margin-right:var(--wp--preset--spacing--60);margin-bottom:0;margin-left:var(--wp--preset--spacing--60)\"><div class=\"wp-block-embed__wrapper\">\n<div class=\"ast-oembed-container \" style=\"height: 100%;\"><iframe loading=\"lazy\" title=\"The Bartists I Rock am Rathaus Lengerich 2024\" width=\"500\" height=\"281\" src=\"https:\/\/www.youtube.com\/embed\/utignhAqJOY?feature=oembed\" frameborder=\"0\" allow=\"accelerometer; autoplay; clipboard-write; encrypted-media; gyroscope; picture-in-picture; web-share\" referrerpolicy=\"strict-origin-when-cross-origin\" allowfullscreen><\/iframe><\/div>\n<\/div><\/figure>\n\n\n\n<div style=\"height:30px\" aria-hidden=\"true\" class=\"wp-block-spacer\"><\/div>\n\n\n\n<div style=\"height:100px\" aria-hidden=\"true\" class=\"wp-block-spacer\"><\/div>\n\n\n\n<p><\/p>\n","protected":false},"excerpt":{"rendered":"<p>Musikalische Vielfalt &#8211; f\u00fcr jedes Event das passende Set Rock, Pop, Schlager oder aktuelle Chart-Hits: Unser Repertoire umfasst Musik aus [&hellip;]<\/p>\n","protected":false},"author":2,"featured_media":0,"parent":0,"menu_order":0,"comment_status":"closed","ping_status":"closed","template":"","meta":{"site-sidebar-layout":"default","site-content-layout":"","ast-site-content-layout":"","site-content-style":"default","site-sidebar-style":"default","ast-global-header-display":"","ast-banner-title-visibility":"","ast-main-header-display":"","ast-hfb-above-header-display":"","ast-hfb-below-header-display":"","ast-hfb-mobile-header-display":"","site-post-title":"disabled","ast-breadcrumbs-content":"","ast-featured-img":"","footer-sml-layout":"","theme-transparent-header-meta":"","adv-header-id-meta":"","stick-header-meta":"","header-above-stick-meta":"","header-main-stick-meta":"","header-below-stick-meta":"","astra-migrate-meta-layouts":"default","ast-page-background-enabled":"default","ast-page-background-meta":{"desktop":{"background-color":"var(--ast-global-color-5)","background-image":"","background-repeat":"repeat","background-position":"center center","background-size":"auto","background-attachment":"scroll","background-type":"","background-media":"","overlay-type":"","overlay-color":"","overlay-opacity":"","overlay-gradient":""},"tablet":{"background-color":"","background-image":"","background-repeat":"repeat","background-position":"center center","background-size":"auto","background-attachment":"scroll","background-type":"","background-media":"","overlay-type":"","overlay-color":"","overlay-opacity":"","overlay-gradient":""},"mobile":{"background-color":"","background-image":"","background-repeat":"repeat","background-position":"center center","background-size":"auto","background-attachment":"scroll","background-type":"","background-media":"","overlay-type":"","overlay-color":"","overlay-opacity":"","overlay-gradient":""}},"ast-content-background-meta":{"desktop":{"background-color":"var(--ast-global-color-4)","background-image":"","background-repeat":"repeat","background-position":"center center","background-size":"auto","background-attachment":"scroll","background-type":"","background-media":"","overlay-type":"","overlay-color":"","overlay-opacity":"","overlay-gradient":""},"tablet":{"background-color":"var(--ast-global-color-4)","background-image":"","background-repeat":"repeat","background-position":"center center","background-size":"auto","background-attachment":"scroll","background-type":"","background-media":"","overlay-type":"","overlay-color":"","overlay-opacity":"","overlay-gradient":""},"mobile":{"background-color":"var(--ast-global-color-4)","background-image":"","background-repeat":"repeat","background-position":"center center","background-size":"auto","background-attachment":"scroll","background-type":"","background-media":"","overlay-type":"","overlay-color":"","overlay-opacity":"","overlay-gradient":""}},"footnotes":""},"class_list":["post-20","page","type-page","status-publish","hentry"],"_links":{"self":[{"href":"https:\/\/www.thebartists.de\/index.php\/wp-json\/wp\/v2\/pages\/20","targetHints":{"allow":["GET"]}}],"collection":[{"href":"https:\/\/www.thebartists.de\/index.php\/wp-json\/wp\/v2\/pages"}],"about":[{"href":"https:\/\/www.thebartists.de\/index.php\/wp-json\/wp\/v2\/types\/page"}],"author":[{"embeddable":true,"href":"https:\/\/www.thebartists.de\/index.php\/wp-json\/wp\/v2\/users\/2"}],"replies":[{"embeddable":true,"href":"https:\/\/www.thebartists.de\/index.php\/wp-json\/wp\/v2\/comments?post=20"}],"version-history":[{"count":53,"href":"https:\/\/www.thebartists.de\/index.php\/wp-json\/wp\/v2\/pages\/20\/revisions"}],"predecessor-version":[{"id":443,"href":"https:\/\/www.thebartists.de\/index.php\/wp-json\/wp\/v2\/pages\/20\/revisions\/443"}],"wp:attachment":[{"href":"https:\/\/www.thebartists.de\/index.php\/wp-json\/wp\/v2\/media?parent=20"}],"curies":[{"name":"wp","href":"https:\/\/api.w.org\/{rel}","templated":true}]}}