{"id":16,"date":"2025-01-02T21:14:22","date_gmt":"2025-01-02T20:14:22","guid":{"rendered":"https:\/\/www.thebartists.de\/?page_id=16"},"modified":"2026-03-16T21:18:27","modified_gmt":"2026-03-16T20:18:27","slug":"termine","status":"publish","type":"page","link":"https:\/\/www.thebartists.de\/index.php\/termine\/","title":{"rendered":"Termine"},"content":{"rendered":"\n<div class=\"wp-block-cover\" style=\"min-height:89px;aspect-ratio:unset;\"><img loading=\"lazy\" decoding=\"async\" width=\"1024\" height=\"724\" class=\"wp-block-cover__image-background wp-image-441 size-large\" alt=\"\" src=\"https:\/\/www.thebartists.de\/wp-content\/uploads\/2026\/03\/1-1-1024x724.png\" data-object-fit=\"cover\" srcset=\"https:\/\/www.thebartists.de\/wp-content\/uploads\/2026\/03\/1-1-1024x724.png 1024w, https:\/\/www.thebartists.de\/wp-content\/uploads\/2026\/03\/1-1-300x212.png 300w, https:\/\/www.thebartists.de\/wp-content\/uploads\/2026\/03\/1-1-768x543.png 768w, https:\/\/www.thebartists.de\/wp-content\/uploads\/2026\/03\/1-1-1536x1086.png 1536w, https:\/\/www.thebartists.de\/wp-content\/uploads\/2026\/03\/1-1.png 2000w\" sizes=\"auto, (max-width: 1024px) 100vw, 1024px\" \/><span aria-hidden=\"true\" class=\"wp-block-cover__background has-background-dim\" style=\"background-color:#1d1c1b\"><\/span><div class=\"wp-block-cover__inner-container is-layout-constrained wp-block-cover-is-layout-constrained\"><h1 class=\"fonts-plugin-block \" style=\"font-family: Marcellus;font-size: 63px;text-align: center;color: #ffffff\">Termine<\/h1><\/div><\/div>\n\n\n\n<div style=\"height:50px\" aria-hidden=\"true\" class=\"wp-block-spacer\"><\/div>\n\n\n\n<h1 class=\"wp-block-heading has-text-align-center\">The Bartists #liveonstage<\/h1>\n\n\n\n<div style=\"height:50px\" aria-hidden=\"true\" class=\"wp-block-spacer\"><\/div>\n\n\n\n<p class=\"has-text-align-center\" style=\"margin-right:var(--wp--preset--spacing--60);margin-left:var(--wp--preset--spacing--60);font-size:17px\">Nutzt die Gelegenheit, gemeinsam mit uns zu feiern <br>und vielleicht schon mal f\u00fcr euer n\u00e4chstes Event Probe zu h\u00f6ren: <\/p>\n\n\n\n<div style=\"height:50px\" aria-hidden=\"true\" class=\"wp-block-spacer\"><\/div>\n\n\n\n<p class=\"has-text-align-center has-ast-global-color-4-color has-black-background-color has-text-color has-background has-link-color wp-elements-a0ba8e663f6023170067eabe9c46eeb5\" style=\"margin-right:var(--wp--preset--spacing--60);margin-left:var(--wp--preset--spacing--60);font-size:20px\">27.06.2026 I &#8222;Sommersummen&#8220; Ladbergen<br><br>09.07.2026 I &#8222;Rock am Rathaus&#8220; Lengerich <br><br>11.07.2026 I Sch\u00fctzenfest Osterberg <br><br>28.08.2026 I Private Veranstaltung <\/p>\n\n\n\n<p><\/p>\n\n\n\n<p><\/p>\n\n\n\n<p><\/p>\n\n\n\n<div style=\"height:300px\" aria-hidden=\"true\" class=\"wp-block-spacer\"><\/div>\n","protected":false},"excerpt":{"rendered":"<p>The Bartists #liveonstage Nutzt die Gelegenheit, gemeinsam mit uns zu feiern und vielleicht schon mal f\u00fcr euer n\u00e4chstes Event Probe [&hellip;]<\/p>\n","protected":false},"author":2,"featured_media":0,"parent":0,"menu_order":0,"comment_status":"closed","ping_status":"closed","template":"","meta":{"site-sidebar-layout":"default","site-content-layout":"","ast-site-content-layout":"","site-content-style":"default","site-sidebar-style":"default","ast-global-header-display":"","ast-banner-title-visibility":"","ast-main-header-display":"","ast-hfb-above-header-display":"","ast-hfb-below-header-display":"","ast-hfb-mobile-header-display":"","site-post-title":"disabled","ast-breadcrumbs-content":"","ast-featured-img":"","footer-sml-layout":"","theme-transparent-header-meta":"","adv-header-id-meta":"","stick-header-meta":"","header-above-stick-meta":"","header-main-stick-meta":"","header-below-stick-meta":"","astra-migrate-meta-layouts":"default","ast-page-background-enabled":"default","ast-page-background-meta":{"desktop":{"background-color":"var(--ast-global-color-5)","background-image":"","background-repeat":"repeat","background-position":"center center","background-size":"auto","background-attachment":"scroll","background-type":"","background-media":"","overlay-type":"","overlay-color":"","overlay-opacity":"","overlay-gradient":""},"tablet":{"background-color":"","background-image":"","background-repeat":"repeat","background-position":"center center","background-size":"auto","background-attachment":"scroll","background-type":"","background-media":"","overlay-type":"","overlay-color":"","overlay-opacity":"","overlay-gradient":""},"mobile":{"background-color":"","background-image":"","background-repeat":"repeat","background-position":"center center","background-size":"auto","background-attachment":"scroll","background-type":"","background-media":"","overlay-type":"","overlay-color":"","overlay-opacity":"","overlay-gradient":""}},"ast-content-background-meta":{"desktop":{"background-color":"var(--ast-global-color-4)","background-image":"","background-repeat":"repeat","background-position":"center center","background-size":"auto","background-attachment":"scroll","background-type":"","background-media":"","overlay-type":"","overlay-color":"","overlay-opacity":"","overlay-gradient":""},"tablet":{"background-color":"var(--ast-global-color-4)","background-image":"","background-repeat":"repeat","background-position":"center center","background-size":"auto","background-attachment":"scroll","background-type":"","background-media":"","overlay-type":"","overlay-color":"","overlay-opacity":"","overlay-gradient":""},"mobile":{"background-color":"var(--ast-global-color-4)","background-image":"","background-repeat":"repeat","background-position":"center center","background-size":"auto","background-attachment":"scroll","background-type":"","background-media":"","overlay-type":"","overlay-color":"","overlay-opacity":"","overlay-gradient":""}},"footnotes":""},"class_list":["post-16","page","type-page","status-publish","hentry"],"_links":{"self":[{"href":"https:\/\/www.thebartists.de\/index.php\/wp-json\/wp\/v2\/pages\/16","targetHints":{"allow":["GET"]}}],"collection":[{"href":"https:\/\/www.thebartists.de\/index.php\/wp-json\/wp\/v2\/pages"}],"about":[{"href":"https:\/\/www.thebartists.de\/index.php\/wp-json\/wp\/v2\/types\/page"}],"author":[{"embeddable":true,"href":"https:\/\/www.thebartists.de\/index.php\/wp-json\/wp\/v2\/users\/2"}],"replies":[{"embeddable":true,"href":"https:\/\/www.thebartists.de\/index.php\/wp-json\/wp\/v2\/comments?post=16"}],"version-history":[{"count":26,"href":"https:\/\/www.thebartists.de\/index.php\/wp-json\/wp\/v2\/pages\/16\/revisions"}],"predecessor-version":[{"id":454,"href":"https:\/\/www.thebartists.de\/index.php\/wp-json\/wp\/v2\/pages\/16\/revisions\/454"}],"wp:attachment":[{"href":"https:\/\/www.thebartists.de\/index.php\/wp-json\/wp\/v2\/media?parent=16"}],"curies":[{"name":"wp","href":"https:\/\/api.w.org\/{rel}","templated":true}]}}